{"id":6,"date":"2020-03-15T12:03:44","date_gmt":"2020-03-15T11:03:44","guid":{"rendered":"https:\/\/www.weinmanu.de\/site\/?page_id=6"},"modified":"2020-05-31T18:30:08","modified_gmt":"2020-05-31T16:30:08","slug":"die-weinmanufaktur-mainz-ebersheim","status":"publish","type":"page","link":"https:\/\/www.weinmanu.de\/site\/","title":{"rendered":"Die Weinmanu Mainz-Ebersheim"},"content":{"rendered":"\n<p><\/p>\n\n\n\n<p>Herzlich Willkommen bei unserer Gemeinschaft des Weines in Ebersheim: die Weinmanu!<\/p>\n\n\n\n<p>Gepr\u00e4gt von Zusammenarbeit wird Traditonsweinbau im s\u00fcdlichsten Mainzer Stadtteil von uns, die ihre Weinberge meist im S\u00fcdplateau von Ebersheim bewirtschaften, gro\u00df geschrieben! <\/p>\n\n\n\n<p><\/p>\n\n\n\n<p><\/p>\n\n\n\n<p><\/p>\n\n\n\n<p>Die Weine k\u00f6nnen direkt in der Probierstube der Weinmanu in der Neugasse 5 in Mainz-Ebersheim probiert und gekauft werden. Die \u00d6ffnungszeiten sind: Mittwoch 18-19:30 Uhr, Samstag 10-12 Uhr<\/p>\n\n\n\n<p>Wir freuen uns auf Euren Besuch!<\/p>\n\n\n\n<p><\/p>\n\n\n\n<p><\/p>\n\n\n\n<figure class=\"wp-block-gallery columns-1 is-cropped wp-block-gallery-1 is-layout-flex wp-block-gallery-is-layout-flex\"><ul class=\"blocks-gallery-grid\"><li class=\"blocks-gallery-item\"><figure><img loading=\"lazy\" decoding=\"async\" width=\"1024\" height=\"680\" src=\"https:\/\/www.weinmanu.de\/site\/wp-content\/uploads\/2020\/05\/DSC_0236-1024x680.jpg\" alt=\"\" data-id=\"271\" data-full-url=\"https:\/\/www.weinmanu.de\/site\/wp-content\/uploads\/2020\/05\/DSC_0236.jpg\" data-link=\"https:\/\/www.weinmanu.de\/site\/die-weinmanufaktur-mainz-ebersheim\/dsc_0236\/\" class=\"wp-image-271\" srcset=\"https:\/\/www.weinmanu.de\/site\/wp-content\/uploads\/2020\/05\/DSC_0236-1024x680.jpg 1024w, https:\/\/www.weinmanu.de\/site\/wp-content\/uploads\/2020\/05\/DSC_0236-300x199.jpg 300w, https:\/\/www.weinmanu.de\/site\/wp-content\/uploads\/2020\/05\/DSC_0236-768x510.jpg 768w, https:\/\/www.weinmanu.de\/site\/wp-content\/uploads\/2020\/05\/DSC_0236-1536x1020.jpg 1536w, https:\/\/www.weinmanu.de\/site\/wp-content\/uploads\/2020\/05\/DSC_0236-1200x797.jpg 1200w, https:\/\/www.weinmanu.de\/site\/wp-content\/uploads\/2020\/05\/DSC_0236.jpg 1735w\" sizes=\"auto, (max-width: 709px) 85vw, (max-width: 909px) 67vw, (max-width: 1362px) 62vw, 840px\" \/><\/figure><\/li><\/ul><\/figure>\n","protected":false},"excerpt":{"rendered":"<p>Herzlich Willkommen bei unserer Gemeinschaft des Weines in Ebersheim: die Weinmanu! Gepr\u00e4gt von Zusammenarbeit wird Traditonsweinbau im s\u00fcdlichsten Mainzer Stadtteil von uns, die ihre Weinberge meist im S\u00fcdplateau von Ebersheim bewirtschaften, gro\u00df geschrieben! Die Weine k\u00f6nnen direkt in der Probierstube der Weinmanu in der Neugasse 5 in Mainz-Ebersheim probiert und gekauft werden. Die \u00d6ffnungszeiten sind: &hellip; <a href=\"https:\/\/www.weinmanu.de\/site\/\" class=\"more-link\"><span class=\"screen-reader-text\">\u201eDie Weinmanu Mainz-Ebersheim\u201c<\/span> weiterlesen<\/a><\/p>\n","protected":false},"author":2,"featured_media":0,"parent":0,"menu_order":0,"comment_status":"closed","ping_status":"closed","template":"","meta":{"footnotes":""},"class_list":["post-6","page","type-page","status-publish","hentry"],"amp_enabled":true,"_links":{"self":[{"href":"https:\/\/www.weinmanu.de\/site\/wp-json\/wp\/v2\/pages\/6","targetHints":{"allow":["GET"]}}],"collection":[{"href":"https:\/\/www.weinmanu.de\/site\/wp-json\/wp\/v2\/pages"}],"about":[{"href":"https:\/\/www.weinmanu.de\/site\/wp-json\/wp\/v2\/types\/page"}],"author":[{"embeddable":true,"href":"https:\/\/www.weinmanu.de\/site\/wp-json\/wp\/v2\/users\/2"}],"replies":[{"embeddable":true,"href":"https:\/\/www.weinmanu.de\/site\/wp-json\/wp\/v2\/comments?post=6"}],"version-history":[{"count":26,"href":"https:\/\/www.weinmanu.de\/site\/wp-json\/wp\/v2\/pages\/6\/revisions"}],"predecessor-version":[{"id":395,"href":"https:\/\/www.weinmanu.de\/site\/wp-json\/wp\/v2\/pages\/6\/revisions\/395"}],"wp:attachment":[{"href":"https:\/\/www.weinmanu.de\/site\/wp-json\/wp\/v2\/media?parent=6"}],"curies":[{"name":"wp","href":"https:\/\/api.w.org\/{rel}","templated":true}]}}